{"id":900,"date":"2024-03-04T05:09:39","date_gmt":"2024-03-04T04:09:39","guid":{"rendered":"https:\/\/www.studio258-paris.com\/?page_id=900"},"modified":"2025-03-25T18:46:47","modified_gmt":"2025-03-25T17:46:47","slug":"legal-notices","status":"publish","type":"page","link":"https:\/\/www.studio258-paris.com\/index.php\/en\/legal-notices\/","title":{"rendered":"Legal notices"},"content":{"rendered":"<p>[et_pb_section fb_built=\u00a0\u00bb1&Prime; _builder_version=\u00a0\u00bb4.24.0&Prime; _module_preset=\u00a0\u00bbdefault\u00a0\u00bb global_colors_info=\u00a0\u00bb{}\u00a0\u00bb][et_pb_row _builder_version=\u00a0\u00bb4.24.0&Prime; _module_preset=\u00a0\u00bbdefault\u00a0\u00bb custom_margin=\u00a0\u00bb0px||0px||false|false\u00a0\u00bb custom_padding=\u00a0\u00bb0px||10px||false|false\u00a0\u00bb global_colors_info=\u00a0\u00bb{}\u00a0\u00bb][et_pb_column type=\u00a0\u00bb4_4&Prime; _builder_version=\u00a0\u00bb4.24.0&Prime; _module_preset=\u00a0\u00bbdefault\u00a0\u00bb global_colors_info=\u00a0\u00bb{}\u00a0\u00bb][et_pb_text _builder_version=\u00a0\u00bb4.24.0&Prime; _module_preset=\u00a0\u00bbdefault\u00a0\u00bb header_font=\u00a0\u00bbJost|700|||||||\u00a0\u00bb header_text_align=\u00a0\u00bbcenter\u00a0\u00bb header_font_size=\u00a0\u00bb50px\u00a0\u00bb custom_margin=\u00a0\u00bb0px||0px||false|false\u00a0\u00bb custom_padding=\u00a0\u00bb0px||0px||false|false\u00a0\u00bb header_font_size_tablet=\u00a0\u00bb50px\u00a0\u00bb header_font_size_phone=\u00a0\u00bb30px\u00a0\u00bb header_font_size_last_edited=\u00a0\u00bbon|desktop\u00a0\u00bb global_colors_info=\u00a0\u00bb{}\u00a0\u00bb]<\/p>\n<h1>Legal notices<\/h1>\n<p>[\/et_pb_text][\/et_pb_column][\/et_pb_row][et_pb_row _builder_version=\u00a0\u00bb4.24.0&Prime; _module_preset=\u00a0\u00bbdefault\u00a0\u00bb global_colors_info=\u00a0\u00bb{}\u00a0\u00bb][et_pb_column type=\u00a0\u00bb4_4&Prime; _builder_version=\u00a0\u00bb4.24.0&Prime; _module_preset=\u00a0\u00bbdefault\u00a0\u00bb global_colors_info=\u00a0\u00bb{}\u00a0\u00bb][et_pb_text _builder_version=\u00a0\u00bb4.24.0&Prime; _module_preset=\u00a0\u00bbdefault\u00a0\u00bb global_colors_info=\u00a0\u00bb{}\u00a0\u00bb]<\/p>\n<h2>Definitions<\/h2>\n<p><b>Client:<\/b> any professional or natural person capable within the meaning of articles 1123 et seq. of the Civil Code, or legal entity, who visits the Site subject to these general conditions.<\/p>\n<p><b>Services:<\/b> <a href=\"https:\/\/www.studio258-paris.com\/\">https:\/\/www.studio258-paris.com\/<\/a> provides Clients with:<\/p>\n<p><b>Content:<\/b> All elements constituting the information present on the Site, including texts, images, and videos.<\/p>\n<p><b>Client Information:<\/b> Hereinafter referred to as \u00ab\u00a0Information(s)\u00a0\u00bb which correspond to all personal data that may be held by <a href=\"https:\/\/www.studio258-paris.com\/\">https:\/\/www.studio258-paris.com\/<\/a> for the management of your account, customer relationship management, and for analysis and statistical purposes.<\/p>\n<p><b>User:<\/b> Internet user connecting to, and using, the aforementioned site.<\/p>\n<p><b>Personal Information:<\/b> \u00ab\u00a0Information that allows, in any form whatsoever, directly or indirectly, the identification of the natural persons to whom it applies\u00a0\u00bb (article 4 of Law No. 78-17 of January 6, 1978).<\/p>\n<p>The terms \u00ab\u00a0personal data\u00a0\u00bb, \u00ab\u00a0data subject\u00a0\u00bb, \u00ab\u00a0processor\u00a0\u00bb, and \u00ab\u00a0sensitive data\u00a0\u00bb have the meaning defined by the General Data Protection Regulation (GDPR: No. 2016-679).<\/p>\n<h2>1. Presentation of the website.<\/h2>\n<p>Under article 6 of Law No. 2004-575 of June 21, 2004 on confidence in the digital economy, users of the website <a href=\"https:\/\/www.studio258-paris.com\/\">https:\/\/www.studio258-paris.com\/<\/a> are informed of the identity of the various stakeholders involved in its creation and monitoring:<\/p>\n<p><strong>Owner<\/strong>: SARL STUDIO 258 Share capital of \u20ac7623.00 VAT number: 05385184023 &#8211; 258 rue marcadet 75018 Paris<\/p>\n<p><strong>Publisher<\/strong>: Studio 258 &#8211; giaumeedouard@gmail.com<\/p>\n<p>The publisher is a natural person or a legal entity.<\/p>\n<p><strong>Webmaster<\/strong>: Giaume &#8211; giaumeedouard@gmail.com<\/p>\n<p><strong>Hosting<\/strong>: Hostinger &#8211; 34, rue \u0160vitrigailos 03230 Vilnius 00000000<\/p>\n<p><strong>Data Protection Officer<\/strong>: Giaume &#8211; giaumeedouard@gmail.com<\/p>\n<div ng-bind-html=\"linkHTML\">\n<p>The legal notices are derived from the template provided by the <a href=\"https:\/\/fr.orson.io\/1371\/generateur-mentions-legales\" title=\"free generator offered by Orson.io\">free generator offered by Orson.io<\/a><\/p>\n<\/div>\n<h2>2. General conditions of use of the site and the services offered.<\/h2>\n<p>The Site constitutes a work of the mind protected by the provisions of the Intellectual Property Code and applicable International Regulations. The Client may not in any way reuse, assign or exploit for his own account all or part of the elements or works of the Site.<\/p>\n<p>Use of the site <a href=\"https:\/\/www.studio258-paris.com\/\">https:\/\/www.studio258-paris.com\/<\/a> implies full and complete acceptance of the general conditions of use described below. These terms of use are subject to change or completion at any time, so users of the site <a href=\"https:\/\/www.studio258-paris.com\/\">https:\/\/www.studio258-paris.com\/<\/a> are invited to consult them regularly.<\/p>\n<p>This website is normally accessible to users at all times. However, an interruption for technical maintenance may be decided by <a href=\"https:\/\/www.studio258-paris.com\/\">https:\/\/www.studio258-paris.com\/<\/a>, which will then endeavor to communicate in advance to users the dates and times of the intervention. The website <a href=\"https:\/\/www.studio258-paris.com\/\">https:\/\/www.studio258-paris.com\/<\/a> is updated regularly by <a href=\"https:\/\/www.studio258-paris.com\/\">https:\/\/www.studio258-paris.com\/<\/a>. Similarly, the legal notices may be modified at any time: they are nevertheless binding on the user, who is invited to refer to them as often as possible in order to become aware of them.<\/p>\n<h2>3. Description of services provided.<\/h2>\n<p>The website <a href=\"https:\/\/www.studio258-paris.com\/\">https:\/\/www.studio258-paris.com\/<\/a> aims to provide information regarding all of the company&rsquo;s activities. <a href=\"https:\/\/www.studio258-paris.com\/\">https:\/\/www.studio258-paris.com\/<\/a> endeavors to provide on the site <a href=\"https:\/\/www.studio258-paris.com\/\">https:\/\/www.studio258-paris.com\/<\/a> information as accurate as possible. However, it cannot be held responsible for omissions, inaccuracies, and deficiencies in the update, whether due to its own actions or those of third-party partners who provide this information.<\/p>\n<p>All information provided on the site <a href=\"https:\/\/www.studio258-paris.com\/\">https:\/\/www.studio258-paris.com\/<\/a> is indicative and subject to change. Furthermore, the information on the site <a href=\"https:\/\/www.studio258-paris.com\/\">https:\/\/www.studio258-paris.com\/<\/a> is not exhaustive. It is provided subject to modifications having been made since it was put online.<\/p>\n<h2>4. Contractual limitations on technical data.<\/h2>\n<p>The website uses JavaScript technology.<\/p>\n<p>The Website cannot be held liable for any material damage related to the use of the site. Furthermore, the user of the site agrees to access the site using recent hardware, free of viruses, and with an updated latest-generation browser.<\/p>\n<p>The website <a href=\"https:\/\/www.studio258-paris.com\/\">https:\/\/www.studio258-paris.com\/<\/a> is hosted by a service provider on EU territory in accordance with the provisions of the General Data Protection Regulation (GDPR: No. 2016-679).<\/p>\n<p>The objective is to provide a service with the best possible accessibility rate. The host ensures the continuity of its service 24 hours a day, every day of the year. However, it reserves the right to interrupt the hosting service for the shortest possible durations, in particular for maintenance purposes, improvement of its infrastructures, failure of its infrastructures, or if the Services generate traffic deemed abnormal.<\/p>\n<p><a href=\"https:\/\/www.studio258-paris.com\/\">https:\/\/www.studio258-paris.com\/<\/a> and the host cannot be held responsible in case of malfunction of the Internet network, telephone lines, or computer and telephone equipment, especially due to network congestion preventing access to the server.<\/p>\n<h2>5. Intellectual property and counterfeiting.<\/h2>\n<p><a href=\"https:\/\/www.studio258-paris.com\/\">https:\/\/www.studio258-paris.com\/<\/a> is the owner of the intellectual property rights and holds usage rights on all the elements accessible on the website, including texts, images, graphics, logos, videos, icons, and sounds. Any reproduction, representation, modification, publication, adaptation of all or part of the elements of the site, regardless of the means or process used, is prohibited, except with the prior written authorization of: <a href=\"https:\/\/www.studio258-paris.com\/\">https:\/\/www.studio258-paris.com\/<\/a>.<\/p>\n<p>Any unauthorized use of the site or any of the elements it contains will be considered as constituting an infringement and will be prosecuted in accordance with the provisions of articles L.335-2 and following of the Intellectual Property Code.<\/p>\n<h2>6. Limitations of liability.<\/h2>\n<p><a href=\"https:\/\/www.studio258-paris.com\/\">https:\/\/www.studio258-paris.com\/<\/a> acts as the publisher of the site. <a href=\"https:\/\/www.studio258-paris.com\/\">https:\/\/www.studio258-paris.com\/<\/a> is responsible for the quality and accuracy of the content it publishes.<\/p>\n<p><a href=\"https:\/\/www.studio258-paris.com\/\">https:\/\/www.studio258-paris.com\/<\/a> cannot be held liable for direct and indirect damages caused to the user&rsquo;s equipment, when accessing the website <a href=\"https:\/\/www.studio258-paris.com\/\">https:\/\/www.studio258-paris.com\/<\/a>, and resulting either from the use of equipment that does not meet the specifications indicated in point 4, or from the appearance of a bug or incompatibility.<\/p>\n<p><a href=\"https:\/\/www.studio258-paris.com\/\">https:\/\/www.studio258-paris.com\/<\/a> cannot also be held liable for indirect damages (such as for example a loss of market or loss of opportunity) resulting from the use of the site <a href=\"https:\/\/www.studio258-paris.com\/\">https:\/\/www.studio258-paris.com\/<\/a>.<\/p>\n<p>Interactive spaces (opportunity to ask questions in the contact space) are available to users. <a href=\"https:\/\/www.studio258-paris.com\/\">https:\/\/www.studio258-paris.com\/<\/a> reserves the right to delete, without prior notice, any content deposited in this space that contravenes the legislation applicable in France, in particular the provisions relating to data protection. If applicable, <a href=\"https:\/\/www.studio258-paris.com\/\">https:\/\/www.studio258-paris.com\/<\/a> also reserves the possibility of questioning the civil and\/or criminal liability of the user, especially in the event of a racist, offensive, defamatory, or pornographic message, regardless of the medium used (text, photograph, etc.).<\/p>\n<h2>7. Gestion des donn\u00e9es personnelles.<\/h2>\n<p>Le Client est inform\u00e9 des r\u00e9glementations concernant la communication marketing, la loi du 21 Juin 2014 pour la confiance dans l\u2019Economie Num\u00e9rique, la Loi Informatique et Libert\u00e9 du 06 Ao\u00fbt 2004 ainsi que du R\u00e8glement G\u00e9n\u00e9ral sur la Protection des Donn\u00e9es (RGPD : n\u00b0 2016-679). <\/p>\n<h3>7.1 Responsables de la collecte des donn\u00e9es personnelles<\/h3>\n<p>Pour les Donn\u00e9es Personnelles collect\u00e9es dans le cadre de la cr\u00e9ation du compte personnel de l\u2019Utilisateur et de sa navigation sur le Site, le responsable du traitement des Donn\u00e9es Personnelles est : STUDIO 258. <a href=\"https:\/\/www.studio258-paris.com\/\">https:\/\/www.studio258-paris.com\/<\/a>est repr\u00e9sent\u00e9 par Giaume, son repr\u00e9sentant l\u00e9gal<\/p>\n<p>En tant que responsable du traitement des donn\u00e9es qu\u2019il collecte, <a href=\"https:\/\/www.studio258-paris.com\/\">https:\/\/www.studio258-paris.com\/<\/a> s\u2019engage \u00e0 respecter le cadre des dispositions l\u00e9gales en vigueur. Il lui appartient notamment au Client d\u2019\u00e9tablir les finalit\u00e9s de ses traitements de donn\u00e9es, de fournir \u00e0 ses prospects et clients, \u00e0 partir de la collecte de leurs consentements, une information compl\u00e8te sur le traitement de leurs donn\u00e9es personnelles et de maintenir un registre des traitements conforme \u00e0 la r\u00e9alit\u00e9.<br \/>\nChaque fois que <a href=\"https:\/\/www.studio258-paris.com\/\">https:\/\/www.studio258-paris.com\/<\/a> traite des Donn\u00e9es Personnelles, <a href=\"https:\/\/www.studio258-paris.com\/\">https:\/\/www.studio258-paris.com\/<\/a> prend toutes les mesures raisonnables pour s\u2019assurer de l\u2019exactitude et de la pertinence des Donn\u00e9es Personnelles au regard des finalit\u00e9s pour lesquelles <a href=\"https:\/\/www.studio258-paris.com\/\">https:\/\/www.studio258-paris.com\/<\/a> les traite.<\/p>\n<h3>7.2 Finalit\u00e9 des donn\u00e9es collect\u00e9es<\/h3>\n<p><a href=\"https:\/\/www.studio258-paris.com\/\">https:\/\/www.studio258-paris.com\/<\/a>[\/et_pb_text][\/et_pb_column][\/et_pb_row][\/et_pb_section]<\/p>\n","protected":false},"excerpt":{"rendered":"<p>Legal noticesDefinitions Client: any professional or natural person capable within the meaning of articles 1123 et seq. of the Civil Code, or legal entity, who visits the Site subject to these general conditions. Services: https:\/\/www.studio258-paris.com\/ provides Clients with: Content: All elements constituting the information present on the Site, including texts, images, and videos. Client Information: [&hellip;]<\/p>\n","protected":false},"author":2,"featured_media":0,"parent":0,"menu_order":0,"comment_status":"closed","ping_status":"closed","template":"","meta":{"_et_pb_use_builder":"on","_et_pb_old_content":"","_et_gb_content_width":"","footnotes":""},"class_list":["post-900","page","type-page","status-publish","hentry"],"aioseo_notices":[],"_links":{"self":[{"href":"https:\/\/www.studio258-paris.com\/index.php\/wp-json\/wp\/v2\/pages\/900","targetHints":{"allow":["GET"]}}],"collection":[{"href":"https:\/\/www.studio258-paris.com\/index.php\/wp-json\/wp\/v2\/pages"}],"about":[{"href":"https:\/\/www.studio258-paris.com\/index.php\/wp-json\/wp\/v2\/types\/page"}],"author":[{"embeddable":true,"href":"https:\/\/www.studio258-paris.com\/index.php\/wp-json\/wp\/v2\/users\/2"}],"replies":[{"embeddable":true,"href":"https:\/\/www.studio258-paris.com\/index.php\/wp-json\/wp\/v2\/comments?post=900"}],"version-history":[{"count":3,"href":"https:\/\/www.studio258-paris.com\/index.php\/wp-json\/wp\/v2\/pages\/900\/revisions"}],"predecessor-version":[{"id":985,"href":"https:\/\/www.studio258-paris.com\/index.php\/wp-json\/wp\/v2\/pages\/900\/revisions\/985"}],"wp:attachment":[{"href":"https:\/\/www.studio258-paris.com\/index.php\/wp-json\/wp\/v2\/media?parent=900"}],"curies":[{"name":"wp","href":"https:\/\/api.w.org\/{rel}","templated":true}]}}